{"id":3395,"date":"2025-12-23T10:42:29","date_gmt":"2025-12-23T09:42:29","guid":{"rendered":"https:\/\/www.retsisinc.com\/?page_id=3395"},"modified":"2025-12-23T11:55:27","modified_gmt":"2025-12-23T10:55:27","slug":"canais-de-reportagem","status":"publish","type":"page","link":"https:\/\/www.retsisinc.com\/pt-pt\/canais-de-reportagem\/","title":{"rendered":"Canais de Reportagem"},"content":{"rendered":"\t\t<div data-elementor-type=\"wp-post\" data-elementor-id=\"3395\" class=\"elementor elementor-3395\" data-elementor-post-type=\"page\">\n\t\t\t\t\t\t<section class=\"elementor-section elementor-top-section elementor-element elementor-element-cfc856b elementor-section-boxed elementor-section-height-default elementor-section-height-default\" data-id=\"cfc856b\" data-element_type=\"section\" data-e-type=\"section\">\n\t\t\t\t\t\t<div class=\"elementor-container elementor-column-gap-default\">\n\t\t\t\t\t<div class=\"elementor-column elementor-col-100 elementor-top-column elementor-element elementor-element-645660e\" data-id=\"645660e\" data-element_type=\"column\" data-e-type=\"column\">\n\t\t\t<div class=\"elementor-widget-wrap elementor-element-populated\">\n\t\t\t\t\t\t<div class=\"elementor-element elementor-element-8013cf8 elementor-widget elementor-widget-heading\" data-id=\"8013cf8\" data-element_type=\"widget\" data-e-type=\"widget\" data-widget_type=\"heading.default\">\n\t\t\t\t<div class=\"elementor-widget-container\">\n\t\t\t\t\t<h2 class=\"elementor-heading-title elementor-size-default\">Canais de Reportagem<\/h2>\t\t\t\t<\/div>\n\t\t\t\t<\/div>\n\t\t\t\t<div class=\"elementor-element elementor-element-36cf6d2 elementor-widget elementor-widget-text-editor\" data-id=\"36cf6d2\" data-element_type=\"widget\" data-e-type=\"widget\" data-widget_type=\"text-editor.default\">\n\t\t\t\t<div class=\"elementor-widget-container\">\n\t\t\t\t\t\t\t\t\t<p><b>RETSIS<\/b> promove um ambiente seguro, \u00e9tico, igualit\u00e1rio e de confian\u00e7a. Para tal, implementou dois <b>Canais de Den\u00fancia<\/b> que permitem a den\u00fancia de m\u00e1 conduta ou viola\u00e7\u00f5es \u00e9ticas, em conformidade com a <b>Lei 2\/2023<\/b> sobre prote\u00e7\u00e3o de denunciantes e combate \u00e0 corrup\u00e7\u00e3o.<\/p><h3><b>O que pode ser reportado?<\/b><\/h3>\n<ul>\n<li>N\u00e3o conformidade com regulamentos legais, C\u00f3digo de \u00c9tica ou regulamentos internos.<\/li>\n<li>Existem <b>dois canais:<\/b>\n<ol>\n<li><b>Canal \u00c9tico:<\/b><br><ol style=\"list-style-type: lower-alpha;\">\n<li>Qualquer a\u00e7\u00e3o ou omiss\u00e3o que possa constituir viola\u00e7\u00f5es da legisla\u00e7\u00e3o da Uni\u00e3o Europeia, tais como:\n<ul>\n<li>Contrata\u00e7\u00e3o p\u00fablica.<\/li>\n<li>Servi\u00e7os financeiros, produtos e mercados e preven\u00e7\u00e3o do branqueamento de capitais e do financiamento do terrorismo.<\/li>\n<li>Prote\u00e7\u00e3o da privacidade e dos dados pessoais, e seguran\u00e7a das redes e sistemas de informa\u00e7\u00e3o.<\/li>\n<li>Infra\u00e7\u00f5es que afetam os interesses financeiros da Uni\u00e3o Europeia, conforme referido no Artigo 325 do Tratado sobre o Funcionamento da Uni\u00e3o Europeia (TFUE).<\/li>\n<li>Infra\u00e7\u00f5es que afetam o mercado interno, conforme referido no Artigo 26.\u00ba, n.\u00ba 2 do TFUE, incluindo viola\u00e7\u00f5es das regras da Uni\u00e3o Europeia sobre concorr\u00eancia e ajudas concedidas pelos Estados, bem como infra\u00e7\u00f5es relativas ao mercado interno relativas a atos que infringam regras ou pr\u00e1ticas do imposto sobre as sociedades destinadas a obter uma vantagem fiscal que minem o objetivo ou finalidade da Uni\u00e3o Europeia. O objetivo da legisla\u00e7\u00e3o aplic\u00e1vel ao imposto sobre as sociedades.<\/li>\n<li>Prote\u00e7\u00e3o ao consumidor.<\/li>\n<li>Prote\u00e7\u00e3o ambiental.<\/li>\n<li>Seguran\u00e7a e conformidade do produto.<\/li>\n<li>Seguran\u00e7a nos transportes.<\/li>\n<li>Prote\u00e7\u00e3o radiol\u00f3gica e seguran\u00e7a nuclear.<\/li>\n<li>Seguran\u00e7a alimentar e alimentar, sa\u00fade animal e bem-estar animal.<\/li>\n<li>Sa\u00fade P\u00fablica<\/li>\n<\/ul>\n<\/li>\n<li>A\u00e7\u00f5es ou omiss\u00f5es que possam constituir uma infra\u00e7\u00e3o criminal ou administrativa grave ou muito grave. Em todo o caso, entende-se que inclui todos os crimes ou infra\u00e7\u00f5es administrativas graves ou muito graves que envolvam preju\u00edzo econ\u00f3mico ao Tesouro P\u00fablico e \u00e0 Seguran\u00e7a Social.<\/li>\n<\/ol>\n<\/li>\n<li><b>Canal contra o ass\u00e9dio sexual:<\/b> podem ser reportados os seguintes acontecimentos, que ocorrem no contexto de trabalho, ao abrigo das disposi\u00e7\u00f5es da Lei Org\u00e2nica 3\/2007 para a Igualdade Efetiva de Mulheres e Homens, da Lei Org\u00e2nica 10\/2022 sobre a garantia abrangente da liberdade sexual, do Estatuto dos Trabalhadores, do C\u00f3digo Penal e de outros regulamentos de refer\u00eancia:<br><ol type=\"a\">\n<li>Ass\u00e9dio sexual ou conduta baseada no g\u00e9nero no local de trabalho<\/li>\n<\/ol>\n<\/li>\n<\/ol>\n<\/li>\n<\/ul>\n<h3><b>Princ\u00edpios de procedimento<\/b><\/h3>\n<ul>\n<li><b>Confidencialidade:<\/b> Compreendemos que a confidencialidade \u00e9 fundamental para incentivar os indiv\u00edduos a submeter comunica\u00e7\u00f5es pelo canal \u00e9tico. Garantimos a confidencialidade absoluta ao longo de todo o processo e protegemos a identidade da pessoa que denuncia na medida permitida por lei. Est\u00e1 inclu\u00edda a possibilidade de enviar a informa\u00e7\u00e3o de forma an\u00f3nima.<\/li>\n<li><b>Processo de investiga\u00e7\u00e3o imparcial:<\/b> Uma vez submetida uma comunica\u00e7\u00e3o, a nossa equipa de gestores de canal especializados ir\u00e1 investigar o assunto de forma objetiva e diligente, em conformidade com os regulamentos internos e a legisla\u00e7\u00e3o aplic\u00e1vel. Ao longo de todo o processo, ser\u00e3o respeitados os direitos dos envolvidos, em particular a presun\u00e7\u00e3o de inoc\u00eancia.<\/li>\n<li><b>Prote\u00e7\u00e3o contra retalia\u00e7\u00e3o:<\/b> N\u00e3o toleramos qualquer forma de retalia\u00e7\u00e3o contra denunciantes leg\u00edtimos. Estamos comprometidos em salvaguardar os direitos e a integridade daqueles que ousam denunciar qualquer irregularidade. Tomaremos as medidas disciplinares adequadas contra qualquer indiv\u00edduo que retalie contra um denunciante.<\/li>\n<li><b>Dilig\u00eancia:<\/b> Os gestores de canal processam diligentemente a informa\u00e7\u00e3o que lhes foi comunicada. Em qualquer caso, a decis\u00e3o necess\u00e1ria ser\u00e1 adotada num prazo m\u00e1ximo de tr\u00eas meses, exceto em casos de complexidade especial que exijam uma extens\u00e3o do per\u00edodo, caso em que poder\u00e1 ser prorrogada para um m\u00e1ximo de tr\u00eas meses adicionais.<\/li>\n<\/ul>\n<h3><b>Como enviar uma comunica\u00e7\u00e3o<\/b><\/h3>\n<ul>\n<li><b>Aplica\u00e7\u00e3o Co-resol:<\/b><br><ul style=\"list-style-type: circle;\">\n<li>Descarregue a <b>aplica\u00e7\u00e3o co-resol<\/b>. Est\u00e1 dispon\u00edvel na App Store\/Google Play e \u00e9 gratuito.<br><img fetchpriority=\"high\" decoding=\"async\" class=\"alignnone wp-image-1082\" src=\"https:\/\/www.retsisinc.com\/wp-content\/uploads\/2025\/12\/co-resol-1100x600-1.jpg\" alt=\"\" width=\"550\" height=\"300\"><\/li>\n<li>Aceitar notifica\u00e7\u00f5es.<\/li>\n<li>Carrega em <b>&#8220;Um clique&#8221;<\/b> e insere o c\u00f3digo <b>RTS<\/b>.<\/li>\n<li>Selecione o canal apropriado.<\/li>\n<li>Escreva a sua mensagem ou memorando de voz, adicione imagens ou documentos se necess\u00e1rio.<\/li>\n<li>Escolha entre <b>identifica\u00e7\u00e3o<\/b> ou <b>anonimato<\/b> e aceite a Pol\u00edtica de Privacidade.<\/li>\n<li>Receber\u00e1 um <b>reconhecimento<\/b> no ecr\u00e3.<\/li>\n<li>O rastreamento \u00e9 feito atrav\u00e9s de um <b>chat seguro<\/b>, ao qual podes aceder a partir do bot\u00e3o de chat no ecr\u00e3 inicial, at\u00e9 este fechar.<\/li>\n<\/ul>\n<\/li>\n<li><b>Site:<\/b> <a href=\"https:\/\/canalco-resol.com\" target=\"_blank\" rel=\"noopener\">https:\/\/canalco-resol.com<\/a><br>Processo semelhante, com Identificador e PIN para rastreio:\n<ul style=\"list-style-type: circle;\">\n<li>Carrega em <b>&#8220;Um clique&#8221;<\/b> e insere o c\u00f3digo <b>RTS<\/b>.<\/li>\n<li>Selecione o canal apropriado.<\/li>\n<li>Escreva a sua mensagem ou memorando de voz, adicione imagens ou documentos se necess\u00e1rio.<\/li>\n<li>Escolha entre <b>identifica\u00e7\u00e3o<\/b> ou <b>anonimato<\/b> e aceite a Pol\u00edtica de Privacidade.<\/li>\n<li>Receber\u00e1 um <b>reconhecimento<\/b> no ecr\u00e3 com um <b>ID e PIN \u00fanicos<\/b> que deve manter separados por quest\u00f5es de seguran\u00e7a.<\/li>\n<li>Para verificar o estado do seu relat\u00f3rio ou fornecer mais informa\u00e7\u00f5es, aceda ao site, clique em <b>&#8220;Aceder a um clique anterior&#8221;<\/b> e insira o <b>c\u00f3digo RTS<\/b>, o <b>Identificador<\/b> e o <b>PIN<\/b>.<\/li>\n<\/ul>\n<\/li>\n<\/ul>\n<p><b>Importante:<\/b> N\u00e3o utilize este canal para reportar situa\u00e7\u00f5es que representem uma amea\u00e7a imediata; nesses casos, deve dirigir-se \u00e0s autoridades locais.<\/p>\n<p>&nbsp;<\/p>\t\t\t\t\t\t\t\t<\/div>\n\t\t\t\t<\/div>\n\t\t\t\t<div class=\"elementor-element elementor-element-38bb977 elementor-widget elementor-widget-spacer\" data-id=\"38bb977\" data-element_type=\"widget\" data-e-type=\"widget\" data-widget_type=\"spacer.default\">\n\t\t\t\t<div class=\"elementor-widget-container\">\n\t\t\t\t\t\t\t<div class=\"elementor-spacer\">\n\t\t\t<div class=\"elementor-spacer-inner\"><\/div>\n\t\t<\/div>\n\t\t\t\t\t\t<\/div>\n\t\t\t\t<\/div>\n\t\t\t\t\t<\/div>\n\t\t<\/div>\n\t\t\t\t\t<\/div>\n\t\t<\/section>\n\t\t\t\t<section class=\"elementor-section elementor-top-section elementor-element elementor-element-f77fe16 elementor-section-boxed elementor-section-height-default elementor-section-height-default\" data-id=\"f77fe16\" data-element_type=\"section\" data-e-type=\"section\">\n\t\t\t\t\t\t<div class=\"elementor-container elementor-column-gap-default\">\n\t\t\t\t\t<div class=\"elementor-column elementor-col-100 elementor-top-column elementor-element elementor-element-c6d9660\" data-id=\"c6d9660\" data-element_type=\"column\" data-e-type=\"column\">\n\t\t\t<div class=\"elementor-widget-wrap elementor-element-populated\">\n\t\t\t\t\t\t\t<\/div>\n\t\t<\/div>\n\t\t\t\t\t<\/div>\n\t\t<\/section>\n\t\t\t\t<section class=\"elementor-section elementor-top-section elementor-element elementor-element-e71c5ac elementor-section-boxed elementor-section-height-default elementor-section-height-default\" data-id=\"e71c5ac\" data-element_type=\"section\" data-e-type=\"section\">\n\t\t\t\t\t\t<div class=\"elementor-container elementor-column-gap-default\">\n\t\t\t\t\t<div class=\"elementor-column elementor-col-100 elementor-top-column elementor-element elementor-element-e93d332\" data-id=\"e93d332\" data-element_type=\"column\" data-e-type=\"column\">\n\t\t\t<div class=\"elementor-widget-wrap\">\n\t\t\t\t\t\t\t<\/div>\n\t\t<\/div>\n\t\t\t\t\t<\/div>\n\t\t<\/section>\n\t\t\t\t<\/div>\n\t\t","protected":false},"excerpt":{"rendered":"<p>Canais de Reportagem RETSIS promove um ambiente seguro, \u00e9tico, igualit\u00e1rio e de confian\u00e7a. Para tal, implementou dois Canais de Den\u00fancia que permitem a den\u00fancia de m\u00e1 conduta ou viola\u00e7\u00f5es \u00e9ticas, em conformidade com a Lei 2\/2023 sobre prote\u00e7\u00e3o de denunciantes e combate \u00e0 corrup\u00e7\u00e3o. O que pode ser reportado? N\u00e3o conformidade com regulamentos legais, C\u00f3digo &#8230; <a title=\"Canais de Reportagem\" class=\"read-more\" href=\"https:\/\/www.retsisinc.com\/pt-pt\/canais-de-reportagem\/\" aria-label=\"Leia mais sobre Canais de Reportagem\">Ler mais<\/a><\/p>\n","protected":false},"author":5,"featured_media":0,"parent":0,"menu_order":0,"comment_status":"closed","ping_status":"closed","template":"","meta":{"footnotes":""},"class_list":["post-3395","page","type-page","status-publish"],"_links":{"self":[{"href":"https:\/\/www.retsisinc.com\/pt-pt\/wp-json\/wp\/v2\/pages\/3395","targetHints":{"allow":["GET"]}}],"collection":[{"href":"https:\/\/www.retsisinc.com\/pt-pt\/wp-json\/wp\/v2\/pages"}],"about":[{"href":"https:\/\/www.retsisinc.com\/pt-pt\/wp-json\/wp\/v2\/types\/page"}],"author":[{"embeddable":true,"href":"https:\/\/www.retsisinc.com\/pt-pt\/wp-json\/wp\/v2\/users\/5"}],"replies":[{"embeddable":true,"href":"https:\/\/www.retsisinc.com\/pt-pt\/wp-json\/wp\/v2\/comments?post=3395"}],"version-history":[{"count":16,"href":"https:\/\/www.retsisinc.com\/pt-pt\/wp-json\/wp\/v2\/pages\/3395\/revisions"}],"predecessor-version":[{"id":3426,"href":"https:\/\/www.retsisinc.com\/pt-pt\/wp-json\/wp\/v2\/pages\/3395\/revisions\/3426"}],"wp:attachment":[{"href":"https:\/\/www.retsisinc.com\/pt-pt\/wp-json\/wp\/v2\/media?parent=3395"}],"curies":[{"name":"wp","href":"https:\/\/api.w.org\/{rel}","templated":true}]}}