{"id":3039,"date":"2023-03-27T18:19:05","date_gmt":"2023-03-27T18:19:05","guid":{"rendered":"https:\/\/www.retsisinc.com\/?page_id=3039"},"modified":"2023-03-27T18:21:58","modified_gmt":"2023-03-27T18:21:58","slug":"politica-cookies","status":"publish","type":"page","link":"https:\/\/www.retsisinc.com\/pt-pt\/politica-cookies\/","title":{"rendered":"Pol\u00edtica de Cookies"},"content":{"rendered":"\t\t<div data-elementor-type=\"wp-post\" data-elementor-id=\"3039\" class=\"elementor elementor-3039\" data-elementor-post-type=\"page\">\n\t\t\t\t\t\t<section class=\"elementor-section elementor-top-section elementor-element elementor-element-cfc856b elementor-section-boxed elementor-section-height-default elementor-section-height-default\" data-id=\"cfc856b\" data-element_type=\"section\" data-e-type=\"section\">\n\t\t\t\t\t\t<div class=\"elementor-container elementor-column-gap-default\">\n\t\t\t\t\t<div class=\"elementor-column elementor-col-100 elementor-top-column elementor-element elementor-element-645660e\" data-id=\"645660e\" data-element_type=\"column\" data-e-type=\"column\">\n\t\t\t<div class=\"elementor-widget-wrap elementor-element-populated\">\n\t\t\t\t\t\t<div class=\"elementor-element elementor-element-8013cf8 elementor-widget elementor-widget-heading\" data-id=\"8013cf8\" data-element_type=\"widget\" data-e-type=\"widget\" data-widget_type=\"heading.default\">\n\t\t\t\t<div class=\"elementor-widget-container\">\n\t\t\t\t\t<h2 class=\"elementor-heading-title elementor-size-default\">Pol\u00edtica de cookies<\/h2>\t\t\t\t<\/div>\n\t\t\t\t<\/div>\n\t\t\t\t<div class=\"elementor-element elementor-element-b151ce9 elementor-widget elementor-widget-spacer\" data-id=\"b151ce9\" data-element_type=\"widget\" data-e-type=\"widget\" data-widget_type=\"spacer.default\">\n\t\t\t\t<div class=\"elementor-widget-container\">\n\t\t\t\t\t\t\t<div class=\"elementor-spacer\">\n\t\t\t<div class=\"elementor-spacer-inner\"><\/div>\n\t\t<\/div>\n\t\t\t\t\t\t<\/div>\n\t\t\t\t<\/div>\n\t\t\t\t<div class=\"elementor-element elementor-element-19e309f elementor-widget elementor-widget-text-editor\" data-id=\"19e309f\" data-element_type=\"widget\" data-e-type=\"widget\" data-widget_type=\"text-editor.default\">\n\t\t\t\t<div class=\"elementor-widget-container\">\n\t\t\t\t\t\t\t\t\tA Servicios Integrales de Asistencia a las Compa\u00f1\u00edas Aseguradoras, S.L.U., como propriet\u00e1ria da presente p\u00e1gina web, declara que n\u00e3o utiliza nenhum procedimento autom\u00e1tico de recolha de informa\u00e7\u00f5es para conservar o registo dos Utilizadores que visitam a sua p\u00e1gina web, tais como cookies e spyers.\n\nNo entanto, a nossa p\u00e1gina web pode utilizar procedimentos de recolha de informa\u00e7\u00f5es exclusivamente nos seguintes pressupostos:\n<ul>\n \t<li>Permitir unicamente a comunica\u00e7\u00e3o entre a equipa do utilizador e a rede.<\/li>\n \t<li>Prestar estritamente um servi\u00e7o expressamente solicitado pelo utilizador.<\/li>\n<\/ul>\nNestes casos, informamos que n\u00e3o \u00e9 necess\u00e1rio informar nem obter o consentimento do utilizador para a instala\u00e7\u00e3o dos referidos cookies. Concretamente, de acordo com o Grupo de Trabalho de Peritos da UE, no Artigo 29 do seu Parecer 4\/20123, foi considerado que, entre os cookies exclu\u00eddos, estariam aqueles que t\u00eam por finalidade:\n<ul>\n \t<li>Cookies de &#8220;registo do utilizador&#8221;.<\/li>\n \t<li>Cookies de autentica\u00e7\u00e3o ou identifica\u00e7\u00e3o do utilizador (unicamente de sess\u00e3o).<\/li>\n \t<li>Cookies de seguran\u00e7a do utilizador.<\/li>\n \t<li>Cookies de sess\u00e3o do leitor multim\u00e9dia.<\/li>\n \t<li>Cookies de sess\u00e3o para equilibrar a carga.<\/li>\n \t<li>Cookies de personaliza\u00e7\u00e3o da interface do utilizador.<\/li>\n \t<li>Cookies de complemento (plug-in) para a troca de conte\u00fados sociais.<\/li>\n<\/ul>\t\t\t\t\t\t\t\t<\/div>\n\t\t\t\t<\/div>\n\t\t\t\t\t<\/div>\n\t\t<\/div>\n\t\t\t\t\t<\/div>\n\t\t<\/section>\n\t\t\t\t<section class=\"elementor-section elementor-top-section elementor-element elementor-element-9d6b1b4 elementor-section-boxed elementor-section-height-default elementor-section-height-default\" data-id=\"9d6b1b4\" data-element_type=\"section\" data-e-type=\"section\">\n\t\t\t\t\t\t<div class=\"elementor-container elementor-column-gap-default\">\n\t\t\t\t\t<div class=\"elementor-column elementor-col-100 elementor-top-column elementor-element elementor-element-a26d9b7\" data-id=\"a26d9b7\" data-element_type=\"column\" data-e-type=\"column\">\n\t\t\t<div class=\"elementor-widget-wrap\">\n\t\t\t\t\t\t\t<\/div>\n\t\t<\/div>\n\t\t\t\t\t<\/div>\n\t\t<\/section>\n\t\t\t\t<\/div>\n\t\t","protected":false},"excerpt":{"rendered":"<p>Pol\u00edtica de cookies A Servicios Integrales de Asistencia a las Compa\u00f1\u00edas Aseguradoras, S.L.U., como propriet\u00e1ria da presente p\u00e1gina web, declara que n\u00e3o utiliza nenhum procedimento autom\u00e1tico de recolha de informa\u00e7\u00f5es para conservar o registo dos Utilizadores que visitam a sua p\u00e1gina web, tais como cookies e spyers. No entanto, a nossa p\u00e1gina web pode utilizar &#8230; <a title=\"Pol\u00edtica de Cookies\" class=\"read-more\" href=\"https:\/\/www.retsisinc.com\/pt-pt\/politica-cookies\/\" aria-label=\"Leia mais sobre Pol\u00edtica de Cookies\">Ler mais<\/a><\/p>\n","protected":false},"author":5,"featured_media":0,"parent":0,"menu_order":0,"comment_status":"closed","ping_status":"closed","template":"","meta":{"footnotes":""},"class_list":["post-3039","page","type-page","status-publish"],"_links":{"self":[{"href":"https:\/\/www.retsisinc.com\/pt-pt\/wp-json\/wp\/v2\/pages\/3039","targetHints":{"allow":["GET"]}}],"collection":[{"href":"https:\/\/www.retsisinc.com\/pt-pt\/wp-json\/wp\/v2\/pages"}],"about":[{"href":"https:\/\/www.retsisinc.com\/pt-pt\/wp-json\/wp\/v2\/types\/page"}],"author":[{"embeddable":true,"href":"https:\/\/www.retsisinc.com\/pt-pt\/wp-json\/wp\/v2\/users\/5"}],"replies":[{"embeddable":true,"href":"https:\/\/www.retsisinc.com\/pt-pt\/wp-json\/wp\/v2\/comments?post=3039"}],"version-history":[{"count":5,"href":"https:\/\/www.retsisinc.com\/pt-pt\/wp-json\/wp\/v2\/pages\/3039\/revisions"}],"predecessor-version":[{"id":3045,"href":"https:\/\/www.retsisinc.com\/pt-pt\/wp-json\/wp\/v2\/pages\/3039\/revisions\/3045"}],"wp:attachment":[{"href":"https:\/\/www.retsisinc.com\/pt-pt\/wp-json\/wp\/v2\/media?parent=3039"}],"curies":[{"name":"wp","href":"https:\/\/api.w.org\/{rel}","templated":true}]}}