{"id":2370,"date":"2018-11-28T10:30:06","date_gmt":"2018-11-28T10:30:06","guid":{"rendered":"http:\/\/www.retsisinc.com\/politica-de-protecao-de-dados\/"},"modified":"2023-03-27T17:30:28","modified_gmt":"2023-03-27T17:30:28","slug":"politica-protecao-dados","status":"publish","type":"page","link":"https:\/\/www.retsisinc.com\/pt-pt\/politica-protecao-dados\/","title":{"rendered":"Pol\u00edtica de Prote\u00e7\u00e3o de Dados"},"content":{"rendered":"\t\t<div data-elementor-type=\"wp-post\" data-elementor-id=\"2370\" class=\"elementor elementor-2370\" data-elementor-post-type=\"page\">\n\t\t\t\t\t\t<section class=\"elementor-section elementor-top-section elementor-element elementor-element-d948d25 elementor-section-boxed elementor-section-height-default elementor-section-height-default\" data-id=\"d948d25\" data-element_type=\"section\" data-e-type=\"section\">\n\t\t\t\t\t\t<div class=\"elementor-container elementor-column-gap-default\">\n\t\t\t\t\t<div class=\"elementor-column elementor-col-100 elementor-top-column elementor-element elementor-element-7aaf3b7\" data-id=\"7aaf3b7\" data-element_type=\"column\" data-e-type=\"column\">\n\t\t\t<div class=\"elementor-widget-wrap elementor-element-populated\">\n\t\t\t\t\t\t<div class=\"elementor-element elementor-element-79f52ba elementor-widget elementor-widget-heading\" data-id=\"79f52ba\" data-element_type=\"widget\" data-e-type=\"widget\" data-widget_type=\"heading.default\">\n\t\t\t\t<div class=\"elementor-widget-container\">\n\t\t\t\t\t<h2 class=\"elementor-heading-title elementor-size-default\">Pol\u00edtica de Prote\u00e7\u00e3o de Dados para Clientes e Provedores<\/h2>\t\t\t\t<\/div>\n\t\t\t\t<\/div>\n\t\t\t\t<div class=\"elementor-element elementor-element-dea4477 elementor-widget elementor-widget-text-editor\" data-id=\"dea4477\" data-element_type=\"widget\" data-e-type=\"widget\" data-widget_type=\"text-editor.default\">\n\t\t\t\t<div class=\"elementor-widget-container\">\n\t\t\t\t\t\t\t\t\t<ol>\n<li>\n<h3><strong><u>ANTECEDENTES<\/u><\/strong><\/h3>\n<\/li>\n<\/ol>\n<p>De acordo com a regulamenta\u00e7\u00e3o em mat\u00e9ria de prote\u00e7\u00e3o de dados pessoais e o procedimento interno estabelecido sobre esta mat\u00e9ria, deve facilitar-se informa\u00e7\u00f5es detalhadas sobre o tratamento dos seus dados.<\/p>\n<ol start=\"2\">\n<li>\n<h3><strong><u>OBJETIVO<\/u><\/strong><\/h3>\n<\/li>\n<\/ol>\n<p>O objetivo da presente pol\u00edtica \u00e9 fornecer aos utilizadores, clientes e fornecedores informa\u00e7\u00f5es detalhadas sobre o tratamento dos seus dados.<\/p>\n<ol start=\"3\">\n<li>\n<h3><strong><u>ALCANCE<\/u><\/strong><\/h3>\n<\/li>\n<\/ol>\n<p>Esta informa\u00e7\u00e3o deve estar \u00e0 disposi\u00e7\u00e3o de todos os utilizadores, clientes e fornecedores da SERVICIOS INTEGRALES DE ASISTENCIA A LAS COMPA\u00d1\u00cdAS ASEGURADORAS, S.L.U.<\/p>\n<ol start=\"4\">\n<li>\n<h3><strong><u>INFORMA\u00c7\u00c3O<\/u><\/strong><\/h3>\n<\/li>\n<\/ol>\n<h4><u><\/u><strong><u>A.&nbsp; Quem \u00e9 o respons\u00e1vel pelo tratamento dos seus dados?<\/u><\/strong><\/h4>\n<ol>\n<li><\/li>\n<\/ol>\n<p>O respons\u00e1vel pelo tratamento dos dados referentes aos distintos processos relacionados com a gest\u00e3o de utilizadores, clientes e potenciais clientes, colaboradores e fornecedores \u00e9 a SERVICIOS INTEGRALES DE ASISTENCIA A LAS COMPA\u00d1\u00cdAS ASEGURADORAS, S.L.U. (doravante, RETSIS), com sede social em C\/ Doctor Fleming, n\u00ba 3 \u2013 5\u00aa, 28036 Madrid (Espanha) e NIF B82088980.<\/p>\n<p>Para efeitos na nossa pol\u00edtica de prote\u00e7\u00e3o de dados, o n\u00famero de telefone de contacto \u00e9 +34914589070 e o endere\u00e7o de correio eletr\u00f3nico de contacto \u00e9&nbsp;&nbsp;<a href=\"mailto:protecciondedatos@rtsis.es\">protecciondedatos@retsis.es<\/a><\/p>\n<h4><strong><u>B.&nbsp; Que tipo de dados possu\u00edmos sobre si e como os obtivemos?<\/u><\/strong><\/h4>\n<p>As categorias de dados pessoais de clientes e fornecedores submetidos a tratamento por parte da RETSIS s\u00e3o:<\/p>\n<ul>\n<li>Dados de identifica\u00e7\u00e3o.<\/li>\n<li>Endere\u00e7os postais ou eletr\u00f3nicos.<\/li>\n<li>Informa\u00e7\u00f5es comerciais.<\/li>\n<li>Dados econ\u00f3micos e de transa\u00e7\u00f5es.<\/li>\n<li>Informa\u00e7\u00f5es profissionais.<\/li>\n<\/ul>\n<p>Em nenhuma circunst\u00e2ncia procedemos ao tratamento de dados especialmente protegidos.<\/p>\n<p>Todos os dados acima mencionados foram obtidos diretamente de Si mediante a apresenta\u00e7\u00e3o de uma oferta comercial, proposta contratual, etc., ou mediante o fornecimento, por parte da sua empresa, de dados de identifica\u00e7\u00e3o e outras informa\u00e7\u00f5es necess\u00e1rias para a concretiza\u00e7\u00e3o do objeto da rela\u00e7\u00e3o contratual entre as partes. Em caso de altera\u00e7\u00f5es aos dados, ser\u00e1 sua obriga\u00e7\u00e3o ou da sua empresa facilitar-nos os dados atualizados.<\/p>\n<h4><strong><u>C.&nbsp; Com que finalidade procedemos ao tratamento dos seus dados?<\/u><\/strong><\/h4>\n<p>Na RETSIS, procedemos ao tratamento dos dados facultados pelas pessoas interessadas com a finalidade de gerir atividades distintas derivadas de procedimentos espec\u00edficos no \u00e2mbito de vendas, servi\u00e7o p\u00f3s-venda, gest\u00e3o de fornecedores, qualidade dos servi\u00e7os, etc. Desta forma, utilizaremos os seus dados para realizar algumas das seguintes a\u00e7\u00f5es:<\/p>\n<ul>\n<li>Envio de informa\u00e7\u00e3o que nos seja solicitada atrav\u00e9s do formul\u00e1rio de contacto da nossa p\u00e1gina web ou qualquer outro meio de contacto com a nossa empresa.<\/li>\n<li>Faculta\u00e7\u00e3o, tanto a potenciais clientes como a clientes atuais, ofertas de produtos e servi\u00e7os do seu interesse.<\/li>\n<li>Realiza\u00e7\u00e3o da gest\u00e3o de administrativa, fiscal e contabil\u00edstica dos nossos clientes e\/ou fornecedores.<\/li>\n<li>Realiza\u00e7\u00e3o de inqu\u00e9ritos de satisfa\u00e7\u00e3o, estudos de mercado, etc., com o objetivo de poder oferecer-lhe as ofertas mais adequadas e uma maior qualidade dos servi\u00e7os, etc.<\/li>\n<li>Opera\u00e7\u00f5es de formaliza\u00e7\u00e3o de contrata\u00e7\u00f5es.<\/li>\n<li>Gest\u00e3o de pedidos de informa\u00e7\u00e3o.<\/li>\n<li>Gest\u00e3o de dados de fornecedores para a realiza\u00e7\u00e3o de pagamentos\/transfer\u00eancias e d\u00e9bito em conta, gest\u00e3o contabil\u00edstica e fiscal e fatura\u00e7\u00e3o.<\/li>\n<li>Tratamento de dados de fornecedores\/colaboradores-prescritores para dar resposta a pedidos de pagamento de d\u00edvidas por terceiros (penhoras de cr\u00e9ditos comerciais).<\/li>\n<li>Opera\u00e7\u00f5es sobre os dados de contacto de colaboradores-prescritores pessoas singulares que prestem servi\u00e7os a pessoas coletivas.<\/li>\n<li>Gest\u00e3o dos pedidos de informa\u00e7\u00e3o que chegam atrav\u00e9s de formul\u00e1rios web ou redes sociais.<\/li>\n<li>Gest\u00e3o dos pedidos de informa\u00e7\u00e3o que chegam atrav\u00e9s de contactos por via de meios n\u00e3o digitais: telefone, correio postal, fax.<\/li>\n<li>Realiza\u00e7\u00e3o do servi\u00e7o de peritagem contratado pelo cliente: peritagem de sinistros, propostas de indemniza\u00e7\u00e3o, etc.<\/li>\n<li>Gest\u00e3o administrativa e t\u00e9cnica de peritos externos e outros t\u00e9cnicos contratados pela empresa.<\/li>\n<li>Gest\u00e3o dos direitos de prote\u00e7\u00e3o de dados dos interessados.<\/li>\n<li>Processos de pesquisa, avalia\u00e7\u00e3o e sele\u00e7\u00e3o de candidatos.<\/li>\n<li>Tratamento de dados destinado ao envio de publicidade individualizada a clientes e prospe\u00e7\u00e3o comercial.<\/li>\n<\/ul>\n<p>N\u00e3o procederemos \u00e0 elabora\u00e7\u00e3o de perfis comerciais com base na informa\u00e7\u00e3o facultada e, consequentemente, n\u00e3o tomaremos quaisquer decis\u00f5es automatizadas sobre si com base num perfil comercial.<\/p>\n<h4><strong><u>D.&nbsp; Por quanto tempo conservaremos os seus dados?<\/u><\/strong><\/h4>\n<p>Os dados pessoais relativos a pessoais singulares vinculadas a potenciais clientes, clientes e fornecedores que a RETSIS tenha recolhido atrav\u00e9s dos diferentes formul\u00e1rios de contacto e\/ou recolha de informa\u00e7\u00e3o ser\u00e3o conservados enquanto n\u00e3o for solicitado o seu apagamento por parte do interessado. Os dados facultados pelos nossos clientes e fornecedores ser\u00e3o conservados enquanto se mantiver a rela\u00e7\u00e3o comercial entre as partes, respeitando em qualquer caso os prazos m\u00ednimos legais de conserva\u00e7\u00e3o de acordo com a mat\u00e9ria.<\/p>\n<p>Em qualquer caso, a RETSIS conservar\u00e1 os seus dados pessoais durante o per\u00edodo de tempo que seja razoavelmente necess\u00e1rio, tendo em conta as nossas necessidades de dar resposta a quest\u00f5es que se coloquem ou de resolver problemas, realizar melhorias, ativar novos servi\u00e7os e cumprir os requisitos exigidos pela legisla\u00e7\u00e3o aplic\u00e1vel. Isto significa que poderemos conservar os seus dados pessoais durante um per\u00edodo de tempo razo\u00e1vel, inclusivamente depois de ter deixado de utilizar os nossos produtos ou de ter deixado de utilizar esta p\u00e1gina web. Ap\u00f3s este per\u00edodo, os seus dados pessoais ser\u00e3o eliminados de todos os sistemas da RETSIS.<\/p>\n<h4><strong><u>E.&nbsp; Qual o fundamento que legitima o tratamento dos seus dados?<\/u><\/strong><\/h4>\n<p>Conforme o tipo de tratamento dos dados, apresentamos de seguida um resumo do fundamento do tratamento em quest\u00e3o:<\/p>\n<table width=\"408\">\n<tbody>\n<tr>\n<td width=\"204\">FINALIDADE DO TRATAMENTO<\/td>\n<td width=\"204\">FUNDAMENTO<\/td>\n<\/tr>\n<tr>\n<td width=\"204\">Gest\u00e3o contabil\u00edstica, fiscal e administrativa de clientes.<\/td>\n<td width=\"204\">Execu\u00e7\u00e3o (pr\u00e9-)contrato.<\/td>\n<\/tr>\n<tr>\n<td width=\"204\">Realiza\u00e7\u00e3o do servi\u00e7o de peritagem contratado pelo cliente: peritagem de sinistros e propostas de indemniza\u00e7\u00e3o.<\/td>\n<td width=\"204\">Execu\u00e7\u00e3o (pr\u00e9-)contrato.<\/td>\n<\/tr>\n<tr>\n<td width=\"204\">Gest\u00e3o administrativa e t\u00e9cnica de peritos externos e outros t\u00e9cnicos contratados pela empresa.<\/td>\n<td width=\"204\">Execu\u00e7\u00e3o (pr\u00e9-)contrato.<\/td>\n<\/tr>\n<tr>\n<td width=\"204\">Opera\u00e7\u00f5es de formaliza\u00e7\u00e3o das contrata\u00e7\u00f5es com entidades jur\u00eddicas ou pessoas singulares.<\/td>\n<td width=\"204\">Execu\u00e7\u00e3o (pr\u00e9-)contrato.<\/td>\n<\/tr>\n<tr>\n<td width=\"204\">Gest\u00e3o da qualidade do servi\u00e7o.<\/td>\n<td width=\"204\">Interesse leg\u00edtimo do respons\u00e1vel.<\/td>\n<\/tr>\n<tr>\n<td width=\"204\">Gest\u00e3o dos direitos de prote\u00e7\u00e3o de dados dos interessados.<\/td>\n<td width=\"204\">Obriga\u00e7\u00e3o regulamentar.<\/td>\n<\/tr>\n<tr>\n<td width=\"204\">Gest\u00e3o de dados de fornecedores para a realiza\u00e7\u00e3o de pagamentos\/transfer\u00eancias e d\u00e9bito em conta, gest\u00e3o contabil\u00edstica e fiscal e fatura\u00e7\u00e3o.<\/td>\n<td width=\"204\">Execu\u00e7\u00e3o (pr\u00e9-)contrato.<\/td>\n<\/tr>\n<tr>\n<td width=\"204\">Tratamento de dados de fornecedores\/colaboradores-prescritores para dar resposta a pedidos de pagamento de d\u00edvidas por terceiros (penhoras de cr\u00e9ditos comerciais).<\/td>\n<td width=\"204\">Obriga\u00e7\u00e3o regulamentar.<\/td>\n<\/tr>\n<tr>\n<td width=\"204\">Processos de pesquisa, avalia\u00e7\u00e3o e sele\u00e7\u00e3o de candidatos.<\/td>\n<td width=\"204\">Consentimento do afetado.<\/td>\n<\/tr>\n<tr>\n<td width=\"204\">Tratamento de dados destinado ao envio de publicidade individualizada a clientes e prospe\u00e7\u00e3o comercial.<\/td>\n<td width=\"204\">Consentimento do afetado.<\/td>\n<\/tr>\n<tr>\n<td width=\"204\">Gest\u00e3o dos pedidos de informa\u00e7\u00e3o que chegam atrav\u00e9s de contactos por via de meios n\u00e3o digitais: telefone, correio postal, fax.<\/td>\n<td width=\"204\">Consentimento do afetado.<\/td>\n<\/tr>\n<tr>\n<td width=\"204\">Opera\u00e7\u00f5es sobre os dados de contacto de colaboradores-prescritores pessoas singulares que prestem servi\u00e7os a pessoas coletivas.<\/td>\n<td width=\"204\">Consentimento do afetado.<\/td>\n<\/tr>\n<tr>\n<td width=\"204\">Gest\u00e3o dos pedidos de informa\u00e7\u00e3o que chegam atrav\u00e9s de formul\u00e1rios web ou redes sociais.<\/td>\n<td width=\"204\">Consentimento do afetado.<\/td>\n<\/tr>\n<\/tbody>\n<\/table>\n<p>No que concerne o fundamento referido, Voc\u00ea est\u00e1 obrigado a facultar os dados pessoais, no pressuposto de que, se n\u00e3o facilitar os seus dados de car\u00e1ter pessoal, n\u00e3o se poder\u00e1 executar o seu contrato, cumprir as obriga\u00e7\u00f5es legais ou derivadas dos poderes p\u00fablicos.<\/p>\n<h4><strong><u>F.&nbsp; A que destinat\u00e1rios s\u00e3o comunicados os seus dados?<\/u><\/strong><\/h4>\n<p>A RETSIS nunca partilhar\u00e1 os seus dados pessoais com nenhuma empresa terceira que pretenda utiliz\u00e1-los nas suas a\u00e7\u00f5es de marketing direto, exceto nos casos em que nos tenha autorizado expressamente a faz\u00ea-lo.<\/p>\n<p>Informamo-lo de que poderemos facilitar os seus dados pessoais a organismos da Administra\u00e7\u00e3o P\u00fablica e Autoridades competentes nos casos em que essas mesmas Autoridades exijam legalmente \u00e0 RETSIS que o fa\u00e7a ou nos casos em que, agindo de boa f\u00e9, consideramos que tal a\u00e7\u00e3o \u00e9 razoavelmente necess\u00e1ria para cumprir com um procedimento judicial, contestar qualquer reclama\u00e7\u00e3o ou exig\u00eancia jur\u00eddica, ou proteger os direitos da RETSIS ou dos seus clientes e do p\u00fablico em geral.<\/p>\n<p>Para poder satisfazer as diferentes necessidades decorrentes da gest\u00e3o contabil\u00edstica, fiscal e administrativa dos nossos clientes e fornecedores, pode ser necess\u00e1rio que a RETSIS comunique os seus dados \u00e0s restantes empresas que constituem o nosso grupo em Espanha: RIESGOS TASACIONES Y SERVICIOS, S.A. e INVESTIGACI\u00d3N DE SINIESTROS, S.L., empresas dedicadas \u00e0 peritagem de seguros, gest\u00e3o de seguros e investiga\u00e7\u00e3o da causa de sinistros.<\/p>\n<p>A RETSIS pode fornecer os seus dados pessoais a terceiros (por exemplo, fornecedores de servi\u00e7os de Internet que nos ajudam a administrar a nossa p\u00e1gina web ou a levar a cabo os servi\u00e7os contratados, empresas de manuten\u00e7\u00e3o e suporte inform\u00e1ticos, empresas de log\u00edstica, consultoria administrativa e assist\u00eancia fiscal e contabil\u00edstica, etc.). Em qualquer dos casos, estes terceiros devem manter, a todo o momento, os mesmos n\u00edveis de seguran\u00e7a que a RETSIS possui em rela\u00e7\u00e3o aos seus dados pessoais e, quando necess\u00e1rio, estar\u00e3o vinculados por compromissos legais a fim de conservar os seus dados pessoais de forma privada e segura e utilizar as informa\u00e7\u00f5es exclusivamente de acordo com instru\u00e7\u00f5es espec\u00edficas da RETSIS.<\/p>\n<h4><strong><u>G.&nbsp; Quais s\u00e3o os seus direitos como afetado ou interessado?<\/u><\/strong><\/h4>\n<p>Qualquer pessoa tem direito a obter informa\u00e7\u00f5es sobre se a RETSIS est\u00e1 ou n\u00e3o a proceder ao tratamento dos dados pessoais que lhe dizem respeito.<\/p>\n<p>Mais concretamente, as pessoas interessadas podem solicitar o direito de acesso aos seus dados pessoais, bem como receb\u00ea-los em formato de uso corrente e leitura autom\u00e1tica, caso o tratamento esteja a ser efetuado por meios eletr\u00f3nicos (direito de portabilidade).<\/p>\n<p>Adicionalmente, as pessoas interessadas podem solicitar o direito de retifica\u00e7\u00e3o de dados inexatos ou, conforme o caso, solicitar o seu apagamento quando, entre outros motivos, os dados j\u00e1 n\u00e3o forem necess\u00e1rios para os fins que motivaram a sua recolha.<\/p>\n<p>Complementarmente, em determinadas circunst\u00e2ncias, os interessados poder\u00e3o solicitar a limita\u00e7\u00e3o do tratamento dos seus dados pessoais ou, em determinadas circunst\u00e2ncias e por motivos relacionados com a sua situa\u00e7\u00e3o particular, os interessados poder\u00e3o exercer o seu direito de se opor a esse tratamento. A RETSIS deixar\u00e1 de proceder ao tratamento dos dados, a n\u00e3o ser que apresente raz\u00f5es imperiosas e leg\u00edtimas para esse mesmo tratamento ou para efeitos de exerc\u00edcio ou defesa de poss\u00edveis reclama\u00e7\u00f5es ou naquelas exce\u00e7\u00f5es estabelecidas nas normas aplic\u00e1veis.<\/p>\n<p>Informamos ainda de que tem direito a retirar os seus consentimentos dados a qualquer momento, sem que tal afete a licitude do tratamento efetuado com base no consentimento dado previamente \u00e0 sua retirada.<\/p>\n<p>Adicionalmente, informa-se o Utilizador de que, a qualquer momento, pode exercer os direitos mencionados, dirigindo-se a n\u00f3s por escrito, utilizando os dados de contacto que aparecem na sec\u00e7\u00e3o \u201cRespons\u00e1vel pelo tratamento\u201d da presente Pol\u00edtica de Prote\u00e7\u00e3o de Dados e Privacidade da SERVICIOS INTEGRALES DE ASISTENCIA A LAS COMPA\u00d1\u00cdAS ASEGURADORAS, S.L.U., anexando c\u00f3pia do seu documento de identidade.<\/p>\n<p>Tamb\u00e9m tem o direito de apresentar uma reclama\u00e7\u00e3o \u00e0 Ag\u00eancia Espanhola de Prote\u00e7\u00e3o de Dados, especialmente quando n\u00e3o tiver ficado satisfeito no exerc\u00edcio dos seus direitos.<\/p>\n<p>Ag\u00eancia Espanhola de Prote\u00e7\u00e3o de Dados.<\/p>\n<p>C\/ Jorge Juan, 6<\/p>\n<p>28001 \u2013 Madrid<\/p>\n<p>Tel. 901100099 \/ 912663517<\/p>\n<h4><strong><u>H.&nbsp; Prote\u00e7\u00e3o de dados dos utilizadores da p\u00e1gina web.<\/u><\/strong><\/h4>\n<p>Em conformidade com o Regulamento (UE) 2016\/679 do Parlamento Europeu e do Conselho em vigor, a SERVICIOS INTEGRALES DE ASISTENCIA A LAS COMPA\u00d1\u00cdAS ASEGURADORAS, S.L.U. informa que os dados de car\u00e1ter pessoal dos Utilizadores da p\u00e1gina web ser\u00e3o utilizados para a atividade de tratamento indicada em cada formul\u00e1rio de recolha de dados da nossa p\u00e1gina web por parte da RETSIS. Este tratamento dos seus dados estar\u00e1 protegido pelo seu pr\u00f3prio consentimento.&nbsp; Ao premir o bot\u00e3o \u201cENVIAR\u201d, o Utilizador aceita o tratamento dos seus dados por parte da RETSIS.<\/p>\n<p>Adicionalmente, informamo-lo de que, salvo obriga\u00e7\u00e3o legal ou consentimento expresso da sua parte, a RETSIS n\u00e3o ceder\u00e1 os seus dados a terceiros, salvo a outras empresas do grupo em Espanha: RIESGOS TASACIONES Y SERVICIOS, S.A. e INVESTIGACI\u00d3N DE SINIESTROS, S.L.<\/p>\n<p>Informa-se igualmente o Utilizador de que, a qualquer momento, pode exercer os direitos de acesso, retifica\u00e7\u00e3o ou apagamento dos dados, assim como exercer outros direitos reconhecidos no presente documento e regulados pelo Regulamento (UE) 2016\/679 do Parlamento Europeu e do Conselho, notificando a SERVICIOS INTEGRALES DE ASISTENCIA A LAS COMPA\u00d1\u00cdAS ASEGURADORAS, S.L.U., C\/ Doctor Fleming, n\u00ba 3 \u2013 5\u00aa, 28036 Madrid (Espanha), +34914589070 e&nbsp;<a href=\"mailto:protecciondedatos@rtsis.es\">protecciondedatos@retsis.es<\/a><\/p>\n<p>Por outro lado, de acordo com o disposto na Lei 34\/2002 de 11 de julho, de Servi\u00e7os da Sociedade da Informa\u00e7\u00e3o e de Com\u00e9rcio Eletr\u00f3nico, a RETSIS compromete-se a n\u00e3o enviar publicidade atrav\u00e9s de correio eletr\u00f3nico sem que tenha recebido previamente a autoriza\u00e7\u00e3o expressa do destinat\u00e1rio. O Utilizador poder\u00e1 opor-se ao envio de publicidade, assinalando a caixa correspondente.<\/p>\n<h4><strong><u>I.&nbsp; Outras informa\u00e7\u00f5es de interesse sobre a nossa pol\u00edtica de privacidade<\/u><\/strong><\/h4>\n<ul>\n<li>\n<h5><strong>Medidas de Seguran\u00e7a<\/strong><\/h5>\n<\/li>\n<\/ul>\n<p>A RETSIS adota os n\u00edveis de seguran\u00e7a exigidos pela regulamenta\u00e7\u00e3o europeia e espanhola em vigor em mat\u00e9ria de prote\u00e7\u00e3o de dados, tendo em conta o estado da t\u00e9cnica, os custos de aplica\u00e7\u00e3o e a natureza, alcance, contexto e finalidades do tratamento descritos, assim como os riscos de probabilidade e gravidade vari\u00e1veis para os seus direitos e liberdades pessoais.<\/p>\n<ul>\n<li>\n<h5><strong>Tratamento dos dados de menores<\/strong><\/h5>\n<\/li>\n<\/ul>\n<p>Ao abrigo do RGPD (Regulamento (UE) 2016\/679) e do Decreto Real 1720\/2007, os menores de idade superior a 14 anos podem dar o seu consentimento para a contrata\u00e7\u00e3o de servi\u00e7os da sociedade da informa\u00e7\u00e3o, incluindo a inscri\u00e7\u00e3o num f\u00f3rum, o preenchimento de um formul\u00e1rio de contacto, etc. Contudo, ser\u00e1 responsabilidade da RETSIS comprovar a veracidade da idade indicada pelo menor.<\/p>\n<p>Para o tratamento de dados de menores com idade inferior a 14 anos, a recolha de dados ser\u00e1 sempre realizada com o consentimento expresso dos pais ou tutores legais.<\/p>\n<ul>\n<li>\n<h5><strong>Altera\u00e7\u00f5es \u00e0 nossa Pol\u00edtica de Prote\u00e7\u00e3o de Dados e Privacidade<\/strong><\/h5>\n<\/li>\n<\/ul>\n<p>Ocasionalmente, a RETSIS poder\u00e1 realizar altera\u00e7\u00f5es e corre\u00e7\u00f5es a esta sec\u00e7\u00e3o da Pol\u00edtica de Prote\u00e7\u00e3o de Dados para Clientes, Fornecedores e Utilizadores. Por favor, verifique esta sec\u00e7\u00e3o regularmente para consultar as altera\u00e7\u00f5es que podem ter existido e de que forma estas o podem afetar.<\/p>\n<ul>\n<li>\n<h5><strong>Porque \u00e9 necess\u00e1rio aceitar esta Pol\u00edtica de Prote\u00e7\u00e3o de Dados e Privacidade?<\/strong><\/h5>\n<\/li>\n<\/ul>\n<p>Esta sec\u00e7\u00e3o da Pol\u00edtica de Prote\u00e7\u00e3o de Dados para Clientes, Fornecedores e Utilizadores fornece-lhe, de forma facilmente acess\u00edvel, todas as informa\u00e7\u00f5es necess\u00e1rias para que possa conhecer a tipologia de dados que a RETSIS mant\u00e9m sobre os seus potenciais clientes, clientes e\/ou fornecedores, as finalidades pretendidas, os direitos que a regulamenta\u00e7\u00e3o em mat\u00e9ria de prote\u00e7\u00e3o de dados lhe reconhece na qualidade de pessoa afetada e o modo como pode exercer esses mesmos direitos. Por isso, com o envio deliberado dos seus dados pessoais atrav\u00e9s dos nossos meios de contacto e\/ou com o in\u00edcio da rela\u00e7\u00e3o comercial com a nossa empresa, consideramos que reconhece e aceita o tratamento dos seus dados pessoais tal como se descreve na presente pol\u00edtica. As informa\u00e7\u00f5es pessoais ser\u00e3o exclusivamente utilizadas com as finalidades para as quais nos facultou as mesmas ou que determinadas normas nacionais ou regionais nos habilitam a faz\u00ea-lo.<\/p>\n<p>Em qualquer caso, devemos adverti-lo para o facto de que uma recusa da sua parte em facultar-nos determinados dados solicitados pode constituir um entrave ao desenvolvimento da rela\u00e7\u00e3o contratual entre as partes, com poss\u00edveis consequ\u00eancias graves no momento de fornecer as diversas presta\u00e7\u00f5es contempladas no \u00e2mbito do contrato comercial celebrado com a parte contratante.<\/p>\n<p>Caso tenha alguma quest\u00e3o relativamente a esta sec\u00e7\u00e3o da Pol\u00edtica de Prote\u00e7\u00e3o de Dados para Potenciais Clientes, Clientes e Fornecedores da RETSIS, contacte a empresa, utilizando a morada facultada na sec\u00e7\u00e3o \u201cRespons\u00e1vel pelo tratamento\u201d. Teremos todo o gosto em ouvir e dar resposta \u00e0s quest\u00f5es adicionais que nos queira colocar.<\/p>\n<ul>\n<li>\n<h5><strong>Legisla\u00e7\u00e3o aplic\u00e1vel<\/strong><\/h5>\n<\/li>\n<\/ul>\n<p>As presentes Condi\u00e7\u00f5es regem-se a todo o momento pelo disposto na legisla\u00e7\u00e3o espanhola e europeia em mat\u00e9ria de prote\u00e7\u00e3o de dados de car\u00e1ter pessoal e privacidade.<br>\n<\/p>\t\t\t\t\t\t\t\t<\/div>\n\t\t\t\t<\/div>\n\t\t\t\t\t<\/div>\n\t\t<\/div>\n\t\t\t\t\t<\/div>\n\t\t<\/section>\n\t\t\t\t<\/div>\n\t\t","protected":false},"excerpt":{"rendered":"<p>Pol\u00edtica de Prote\u00e7\u00e3o de Dados para Clientes e Provedores ANTECEDENTES De acordo com a regulamenta\u00e7\u00e3o em mat\u00e9ria de prote\u00e7\u00e3o de dados pessoais e o procedimento interno estabelecido sobre esta mat\u00e9ria, deve facilitar-se informa\u00e7\u00f5es detalhadas sobre o tratamento dos seus dados. OBJETIVO O objetivo da presente pol\u00edtica \u00e9 fornecer aos utilizadores, clientes e fornecedores informa\u00e7\u00f5es detalhadas &#8230; <a title=\"Pol\u00edtica de Prote\u00e7\u00e3o de Dados\" class=\"read-more\" href=\"https:\/\/www.retsisinc.com\/pt-pt\/politica-protecao-dados\/\" aria-label=\"Leia mais sobre Pol\u00edtica de Prote\u00e7\u00e3o de Dados\">Ler mais<\/a><\/p>\n","protected":false},"author":1,"featured_media":0,"parent":0,"menu_order":0,"comment_status":"closed","ping_status":"closed","template":"","meta":{"footnotes":""},"class_list":["post-2370","page","type-page","status-publish"],"_links":{"self":[{"href":"https:\/\/www.retsisinc.com\/pt-pt\/wp-json\/wp\/v2\/pages\/2370","targetHints":{"allow":["GET"]}}],"collection":[{"href":"https:\/\/www.retsisinc.com\/pt-pt\/wp-json\/wp\/v2\/pages"}],"about":[{"href":"https:\/\/www.retsisinc.com\/pt-pt\/wp-json\/wp\/v2\/types\/page"}],"author":[{"embeddable":true,"href":"https:\/\/www.retsisinc.com\/pt-pt\/wp-json\/wp\/v2\/users\/1"}],"replies":[{"embeddable":true,"href":"https:\/\/www.retsisinc.com\/pt-pt\/wp-json\/wp\/v2\/comments?post=2370"}],"version-history":[{"count":6,"href":"https:\/\/www.retsisinc.com\/pt-pt\/wp-json\/wp\/v2\/pages\/2370\/revisions"}],"predecessor-version":[{"id":3251,"href":"https:\/\/www.retsisinc.com\/pt-pt\/wp-json\/wp\/v2\/pages\/2370\/revisions\/3251"}],"wp:attachment":[{"href":"https:\/\/www.retsisinc.com\/pt-pt\/wp-json\/wp\/v2\/media?parent=2370"}],"curies":[{"name":"wp","href":"https:\/\/api.w.org\/{rel}","templated":true}]}}