{"id":2359,"date":"2018-11-28T10:10:52","date_gmt":"2018-11-28T10:10:52","guid":{"rendered":"http:\/\/www.retsisinc.com\/aviso-legal\/"},"modified":"2023-03-27T17:07:37","modified_gmt":"2023-03-27T17:07:37","slug":"aviso-legal","status":"publish","type":"page","link":"https:\/\/www.retsisinc.com\/pt-pt\/aviso-legal\/","title":{"rendered":"Aviso legal"},"content":{"rendered":"\t\t<div data-elementor-type=\"wp-post\" data-elementor-id=\"2359\" class=\"elementor elementor-2359\" data-elementor-post-type=\"page\">\n\t\t\t\t\t\t<section class=\"elementor-section elementor-top-section elementor-element elementor-element-cfc856b elementor-section-boxed elementor-section-height-default elementor-section-height-default\" data-id=\"cfc856b\" data-element_type=\"section\" data-e-type=\"section\">\n\t\t\t\t\t\t<div class=\"elementor-container elementor-column-gap-default\">\n\t\t\t\t\t<div class=\"elementor-column elementor-col-100 elementor-top-column elementor-element elementor-element-645660e\" data-id=\"645660e\" data-element_type=\"column\" data-e-type=\"column\">\n\t\t\t<div class=\"elementor-widget-wrap elementor-element-populated\">\n\t\t\t\t\t\t<div class=\"elementor-element elementor-element-8013cf8 elementor-widget elementor-widget-heading\" data-id=\"8013cf8\" data-element_type=\"widget\" data-e-type=\"widget\" data-widget_type=\"heading.default\">\n\t\t\t\t<div class=\"elementor-widget-container\">\n\t\t\t\t\t<h2 class=\"elementor-heading-title elementor-size-default\">Aviso Legal<\/h2>\t\t\t\t<\/div>\n\t\t\t\t<\/div>\n\t\t\t\t<div class=\"elementor-element elementor-element-36cf6d2 elementor-widget elementor-widget-text-editor\" data-id=\"36cf6d2\" data-element_type=\"widget\" data-e-type=\"widget\" data-widget_type=\"text-editor.default\">\n\t\t\t\t<div class=\"elementor-widget-container\">\n\t\t\t\t\t\t\t\t\t<p>Para efeitos do cumprimento da Lei 34\/2002, de 11 de julho, sobre Servi\u00e7os da Sociedade da Informa\u00e7\u00e3o e do Com\u00e9rcio Eletr\u00f3nico, informamos que:<\/p>\n<ol>\n<li>\n<h3><strong><u>OBJETO<\/u><\/strong><\/h3>\n<\/li>\n<\/ol>\n<p><strong>Art. 10 LSSI<\/strong>: www.retsisinc.com \u00e9 um dom\u00ednio na Internet propriedade da Servicios Integrales de Asistencia a las Compa\u00f1\u00edas Aseguradoras, S.L.U., com sede social em C\/ Doctor Fleming, n\u00ba 3 \u2013 5\u00aa, 28036 Madrid (Espanha) e NIF B82088980.&nbsp; A empresa encontra-se inscrita no Registo Comercial de Madrid.<\/p>\n<p><strong>Para efeitos do presente documento, o n\u00famero de telefone de contacto \u00e9 +34914589070 e o endere\u00e7o de correio eletr\u00f3nico de contacto \u00e9 <a href=\"mailto:protecciondedatos@retsisinc.com\">protecciondedatos@retsisinc.com<\/a><\/strong><\/p>\n<p><strong>O presente Aviso Legal regula a utiliza\u00e7\u00e3o do dom\u00ednio supramencionado.<\/strong><\/p>\n<p><strong>&nbsp;<\/strong>A utiliza\u00e7\u00e3o desta p\u00e1gina web pressup\u00f5e a aceita\u00e7\u00e3o, por parte do Utilizador, das condi\u00e7\u00f5es de utiliza\u00e7\u00e3o inclu\u00eddas no presente Aviso, assim como as nossas pol\u00edticas de \u201cProte\u00e7\u00e3o de Dados e Privacidade\u201d e \u201cPol\u00edtica de Utiliza\u00e7\u00e3o de Cookies\u201d. No caso de determinados servi\u00e7os, conte\u00fados e\/ou ferramentas oferecidos atrav\u00e9s deste \u201cPortal\u201d necessitarem da aplica\u00e7\u00e3o de condi\u00e7\u00f5es particulares, estas ser\u00e3o colocadas \u00e0 disposi\u00e7\u00e3o do Utilizador.<\/p>\n<p>Por outro lado, a Servicios Integrales de Asistencia a las Compa\u00f1\u00edas Aseguradoras, S.L.U. adverte para que, tanto os conte\u00fados como os servi\u00e7os da presenta p\u00e1gina web, como as pr\u00f3prias condi\u00e7\u00f5es de utiliza\u00e7\u00e3o, podem ser modificados sem notifica\u00e7\u00e3o pr\u00e9via.<\/p>\n<ol start=\"2\">\n<li>\n<h3><strong><u>CONDI\u00c7\u00d5ES DE UTILIZA\u00c7\u00c3O<\/u><\/strong><\/h3>\n<\/li>\n<\/ol>\n<p>Nas sec\u00e7\u00f5es em que seja necess\u00e1rio registar-se para poder aceder \u00e0s mesmas, o Utilizador compromete-se a facultar informa\u00e7\u00f5es verdadeiras, exatas e completas sobre a sua identidade. Al\u00e9m disso, compromete-se a manter atualizados os dados pessoais que possam ser facultados ao titular do dom\u00ednio, pelo que se considera o \u00fanico respons\u00e1vel pelas falsidades ou inexatid\u00f5es prestadas.<\/p>\n<p>Informa-se que, caso o Utilizador seja menor de idade, dever\u00e1 obter o consentimento dos pais, tutores ou representantes legais para poder aceder aos servi\u00e7os prestados. A Servicios Integrales de Asistencia a las Compa\u00f1\u00edas Aseguradoras, S.L.U. n\u00e3o se responsabiliza em caso de as informa\u00e7\u00f5es sobre este assunto serem inexatas ou falsas.<\/p>\n<p>O \u201cPortal\u201d s\u00f3 pode ser utilizado com fins legais, pelo que o Utilizador compromete-se a fazer uma utiliza\u00e7\u00e3o l\u00edcita e honrada do Portal e conforme \u00e0s presentes Condi\u00e7\u00f5es Gerais de Utiliza\u00e7\u00e3o, a N\u00c3O utilizar os servi\u00e7os do Portal para a realiza\u00e7\u00e3o de atividades contr\u00e1rias \u00e0 legisla\u00e7\u00e3o espanhola, \u00e0 moral e \u00e0 ordem p\u00fablica, assumindo o Utilizador, perante o titular do dom\u00ednio ou terceiros, todas as responsabilidades por danos e preju\u00edzos que possam resultar de pr\u00e1ticas ilegais ou n\u00e3o permitidas, entre outras, a t\u00edtulo ilustrativo mas n\u00e3o exaustivo:<\/p>\n<ul>\n<li>Realizar, sem consentimento pr\u00e9vio do titular do dom\u00ednio, qualquer manipula\u00e7\u00e3o ou altera\u00e7\u00e3o na presente p\u00e1gina, n\u00e3o assumindo o titular do dom\u00ednio nenhuma responsabilidade que possa resultar dessa mesma manipula\u00e7\u00e3o ou altera\u00e7\u00e3o por parte de terceiros.<\/li>\n<li>Realizar qualquer ato que possa danificar, inutilizar, sobrecarregar ou deteriorar o Portal e os servi\u00e7os e\/ou impedir o uso normal e a utiliza\u00e7\u00e3o por parte dos Utilizadores.<\/li>\n<li>Introduzir e\/ou utilizar programas inform\u00e1ticos, dados, ficheiros defeituosos, v\u00edrus, c\u00f3digo malicioso (malware), equipamento inform\u00e1tico ou de telecomunica\u00e7\u00f5es ou qualquer outro, independentemente da sua natureza, que possa causar danos no Portal, em qualquer um dos servi\u00e7os ou em quaisquer ativos (f\u00edsicos ou l\u00f3gicos) dos sistemas de informa\u00e7\u00e3o do titular do dom\u00ednio.<\/li>\n<li>Violar os direitos de terceiros \u00e0 intimidade, \u00e0 pr\u00f3pria imagem, \u00e0 prote\u00e7\u00e3o de dados, ao segredo das comunica\u00e7\u00f5es, \u00e0 propriedade intelectual e industrial.<\/li>\n<li>Ocultar e falsear a origem de mensagens de correio eletr\u00f3nico.<\/li>\n<li>Utilizar identidades falsas, usurpar a identidade de outros na utiliza\u00e7\u00e3o do Portal ou na utiliza\u00e7\u00e3o de qualquer um dos servi\u00e7os.<\/li>\n<li>Reproduzir, distribuir, modificar ou copiar o conte\u00fado da presente p\u00e1gina, salvo se tiver obtido a autoriza\u00e7\u00e3o do titular do dom\u00ednio ou estiver legalmente autorizado a tal.<\/li>\n<li>Transmitir a terceiros n\u00e3o autorizados os nomes de Utilizador e as palavras-passe de acesso.<\/li>\n<\/ul>\n<p>A Servicios Integrales de Asistencia a las Compa\u00f1\u00edas Aseguradoras, S.L.U. n\u00e3o se responsabiliza pelas liga\u00e7\u00f5es a outras p\u00e1ginas da Internet de terceiros (LINKS) e a sua exist\u00eancia n\u00e3o implica que a Servicios Integrales de Asistencia a las Compa\u00f1\u00edas Aseguradoras, S.L.U. aprove ou aceite os seus conte\u00fados e servi\u00e7os. Essas outras p\u00e1ginas web n\u00e3o s\u00e3o controladas pela Servicios Integrales de Asistencia a las Compa\u00f1\u00edas Aseguradoras, S.L.U. nem cobertas pela presente Pol\u00edtica de Privacidade. Se aceder a outras p\u00e1ginas web utilizando os links proporcionados, os operadores dessas p\u00e1ginas web poder\u00e3o recolher as suas informa\u00e7\u00f5es pessoais. Assegure-se de que concorda com as Pol\u00edticas de Privacidade dessas p\u00e1ginas web de terceiros antes de facultar algum tipo de informa\u00e7\u00e3o pessoal.<\/p>\n<p>De forma geral, o titular do dom\u00ednio exclui a sua responsabilidade pelos danos e preju\u00edzos de qualquer natureza e \u00edndole que possam resultar da utiliza\u00e7\u00e3o da p\u00e1gina web, bem como pelos danos e preju\u00edzos resultantes da infra\u00e7\u00e3o dos direitos de propriedade intelectual e industrial por parte dos utilizadores e\/ou a falta de veracidade, exatid\u00e3o e atualidade dos conte\u00fados, nem lhe poder\u00e3o ser exigidas responsabilidade pela interrup\u00e7\u00e3o do servi\u00e7o, funcionamento inadequado ou impossibilidade de acesso ao servi\u00e7o.<\/p>\n<p>O titular do dom\u00ednio n\u00e3o ser\u00e1 respons\u00e1vel pelos danos e preju\u00edzos causados pela presen\u00e7a de v\u00edrus ou qualquer outro software lesivo que possa provocar altera\u00e7\u00f5es no sistema inform\u00e1tico do Utilizador.<\/p>\n<p>A p\u00e1gina web, incluindo, a t\u00edtulo exemplificativo, mas n\u00e3o exaustivo, a sua programa\u00e7\u00e3o, designs, logotipos, texto e\/ou gr\u00e1ficos s\u00e3o propriedade do prestador ou de quem, conforme o caso, disponha de licen\u00e7a ou autoriza\u00e7\u00e3o expressa por parte dos autores.<\/p>\n<p>Independentemente da finalidade a que foram destinados, a sua reprodu\u00e7\u00e3o total ou parcial, uso, explora\u00e7\u00e3o, distribui\u00e7\u00e3o e comercializa\u00e7\u00e3o requerem, em todos os casos, a autoriza\u00e7\u00e3o pr\u00e9via por escrito por parte do titular do dom\u00ednio.<\/p>\n<p>O utilizador compromete-se a n\u00e3o realizar nenhum ato contr\u00e1rio aos direitos de propriedade intelectual ou industrial do autor.<\/p>\n<p>O prestador autoriza expressamente terceiros a remeterem diretamente para os conte\u00fados concretos da p\u00e1gina web, devendo em todo o caso remeter para a p\u00e1gina web principal do prestador.<\/p>\n<ol start=\"3\">\n<li>\n<h3><strong><u>LEGISLA\u00c7\u00c3O APLIC\u00c1VEL<\/u><\/strong><\/h3>\n<\/li>\n<\/ol>\n<p>As presentes Condi\u00e7\u00f5es s\u00e3o reguladas a todo o momento pelas disposi\u00e7\u00f5es constantes na legisla\u00e7\u00e3o espanhola.<\/p><p><\/p>\t\t\t\t\t\t\t\t<\/div>\n\t\t\t\t<\/div>\n\t\t\t\t\t<\/div>\n\t\t<\/div>\n\t\t\t\t\t<\/div>\n\t\t<\/section>\n\t\t\t\t<\/div>\n\t\t","protected":false},"excerpt":{"rendered":"<p>Aviso Legal Para efeitos do cumprimento da Lei 34\/2002, de 11 de julho, sobre Servi\u00e7os da Sociedade da Informa\u00e7\u00e3o e do Com\u00e9rcio Eletr\u00f3nico, informamos que: OBJETO Art. 10 LSSI: www.retsisinc.com \u00e9 um dom\u00ednio na Internet propriedade da Servicios Integrales de Asistencia a las Compa\u00f1\u00edas Aseguradoras, S.L.U., com sede social em C\/ Doctor Fleming, n\u00ba 3 &#8230; <a title=\"Aviso legal\" class=\"read-more\" href=\"https:\/\/www.retsisinc.com\/pt-pt\/aviso-legal\/\" aria-label=\"Leia mais sobre Aviso legal\">Ler mais<\/a><\/p>\n","protected":false},"author":1,"featured_media":0,"parent":0,"menu_order":0,"comment_status":"closed","ping_status":"closed","template":"","meta":{"footnotes":""},"class_list":["post-2359","page","type-page","status-publish"],"_links":{"self":[{"href":"https:\/\/www.retsisinc.com\/pt-pt\/wp-json\/wp\/v2\/pages\/2359","targetHints":{"allow":["GET"]}}],"collection":[{"href":"https:\/\/www.retsisinc.com\/pt-pt\/wp-json\/wp\/v2\/pages"}],"about":[{"href":"https:\/\/www.retsisinc.com\/pt-pt\/wp-json\/wp\/v2\/types\/page"}],"author":[{"embeddable":true,"href":"https:\/\/www.retsisinc.com\/pt-pt\/wp-json\/wp\/v2\/users\/1"}],"replies":[{"embeddable":true,"href":"https:\/\/www.retsisinc.com\/pt-pt\/wp-json\/wp\/v2\/comments?post=2359"}],"version-history":[{"count":14,"href":"https:\/\/www.retsisinc.com\/pt-pt\/wp-json\/wp\/v2\/pages\/2359\/revisions"}],"predecessor-version":[{"id":3009,"href":"https:\/\/www.retsisinc.com\/pt-pt\/wp-json\/wp\/v2\/pages\/2359\/revisions\/3009"}],"wp:attachment":[{"href":"https:\/\/www.retsisinc.com\/pt-pt\/wp-json\/wp\/v2\/media?parent=2359"}],"curies":[{"name":"wp","href":"https:\/\/api.w.org\/{rel}","templated":true}]}}